{"id":219,"date":"2017-09-12T23:30:21","date_gmt":"2017-09-12T21:30:21","guid":{"rendered":"http:\/\/www.touchrugbyvoglans.com\/wp\/?page_id=219"},"modified":"2023-09-19T11:43:23","modified_gmt":"2023-09-19T09:43:23","slug":"la-section-jeunes","status":"publish","type":"page","link":"https:\/\/www.touchrugbyvoglans.com\/wp\/la-section-jeunes\/","title":{"rendered":"L&rsquo;\u00e9cole de Touch"},"content":{"rendered":"<p>&nbsp;<\/p>\n<p>Le club de Voglans poss\u00e8de son \u00e9cole de Touch, encadr\u00e9e par des personnes dipl\u00f4m\u00e9es. Ainsi, nos jeunes d&rsquo;aujourd&rsquo;hui seront les champions de demain !<\/p>\n<p><strong>\u00ab\u00a0Les Dragons Rouges de Voglans\u00a0\u00bb<img decoding=\"async\" loading=\"lazy\" class=\"alignright\" src=\"https:\/\/www.touchrugbyvoglans.com\/wp\/wp-content\/uploads\/2023\/09\/Plan-de-travail-5.png\" alt=\"\" width=\"223\" height=\"217\" \/><\/strong><\/p>\n<ul>\n<li>Pour les 7 &#8211; 13 ans<\/li>\n<li>Mixte<\/li>\n<\/ul>\n<p><strong>Entra\u00eenement<\/strong> :<\/p>\n<ul>\n<li>Tous les jeudis de 18:00 \u00e0 19:15<\/li>\n<li>Au stade municipal de Voglans (Stade Mercier)<\/li>\n<li>Un entra\u00eenement Parents\/Enfants chaque samedi de d\u00e9but de vacances<\/li>\n<\/ul>\n<p><strong>Equipement<\/strong> :<\/p>\n<ul>\n<li>Baskets<strong> ET<\/strong> crampons moul\u00e9s\u00a0(pas de crampons m\u00e9talliques)<\/li>\n<li>Short<\/li>\n<li>T-shirt<\/li>\n<li>Gourde<\/li>\n<\/ul>\n<p><strong>Comment jouer au Touch ?<\/strong><\/p>\n<p><iframe loading=\"lazy\" title=\"Comment jouer au touch rugby\" width=\"620\" height=\"349\" src=\"https:\/\/www.youtube.com\/embed\/l0_qu5QhlOA?feature=oembed\" frameborder=\"0\" allow=\"accelerometer; autoplay; clipboard-write; encrypted-media; gyroscope; picture-in-picture; web-share\" allowfullscreen><\/iframe><\/p>\n<p>Pour en savoir plus, rubrique \u00ab\u00a0<a href=\"http:\/\/www.touchrugbyvoglans.com\/wp\/nous-contacter\/\">Nous contacter<\/a>\u00a0\u00bb<\/p>\n\n","protected":false},"excerpt":{"rendered":"<p>&nbsp; Le club de Voglans poss\u00e8de son \u00e9cole de Touch, encadr\u00e9e par des personnes dipl\u00f4m\u00e9es. Ainsi, nos jeunes d&rsquo;aujourd&rsquo;hui seront les champions de demain ! \u00ab\u00a0Les Dragons Rouges de Voglans\u00a0\u00bb Pour les 7 &#8211; 13 ans Mixte Entra\u00eenement : Tous les jeudis de 18:00 \u00e0 19:15 Au stade municipal de Voglans (Stade Mercier) Un entra\u00eenement [&hellip;]<\/p>\n","protected":false},"author":1,"featured_media":2449,"parent":0,"menu_order":0,"comment_status":"closed","ping_status":"closed","template":"","meta":[],"_links":{"self":[{"href":"https:\/\/www.touchrugbyvoglans.com\/wp\/wp-json\/wp\/v2\/pages\/219"}],"collection":[{"href":"https:\/\/www.touchrugbyvoglans.com\/wp\/wp-json\/wp\/v2\/pages"}],"about":[{"href":"https:\/\/www.touchrugbyvoglans.com\/wp\/wp-json\/wp\/v2\/types\/page"}],"author":[{"embeddable":true,"href":"https:\/\/www.touchrugbyvoglans.com\/wp\/wp-json\/wp\/v2\/users\/1"}],"replies":[{"embeddable":true,"href":"https:\/\/www.touchrugbyvoglans.com\/wp\/wp-json\/wp\/v2\/comments?post=219"}],"version-history":[{"count":25,"href":"https:\/\/www.touchrugbyvoglans.com\/wp\/wp-json\/wp\/v2\/pages\/219\/revisions"}],"predecessor-version":[{"id":2453,"href":"https:\/\/www.touchrugbyvoglans.com\/wp\/wp-json\/wp\/v2\/pages\/219\/revisions\/2453"}],"wp:featuredmedia":[{"embeddable":true,"href":"https:\/\/www.touchrugbyvoglans.com\/wp\/wp-json\/wp\/v2\/media\/2449"}],"wp:attachment":[{"href":"https:\/\/www.touchrugbyvoglans.com\/wp\/wp-json\/wp\/v2\/media?parent=219"}],"curies":[{"name":"wp","href":"https:\/\/api.w.org\/{rel}","templated":true}]}}